{"id":2,"date":"2019-03-09T20:10:29","date_gmt":"2019-03-09T19:10:29","guid":{"rendered":"http:\/\/rdeve.com\/?page_id=2"},"modified":"2023-08-19T16:18:39","modified_gmt":"2023-08-19T14:18:39","slug":"page-d-exemple","status":"publish","type":"page","link":"https:\/\/rdeve.com\/","title":{"rendered":"Accueil"},"content":{"rendered":"\r\n<p>La soci\u00e9t\u00e9 RDeVe a pour objectif de satisfaire ses clients dans leurs projets en Automatisme et Robotique.\u00a0<\/p>\r\n<p>Depuis la d\u00e9finition du besoin \u00e0 la r\u00e9daction de l&#8217;analyse fonctionnelle, en passant par la d\u00e9termination\u00a0 du mat\u00e9riel, jusqu&#8217;\u00e0 sa programmation et mise en service, la soci\u00e9t\u00e9 RDeVe s&#8217;efforcera, avec rigueur et qualit\u00e9, de r\u00e9aliser et d\u00e9velopper vos projets.<\/p>\r\n<p>Riche d&#8217;une exp\u00e9rience de plus de 20 ans, dans des secteurs d&#8217;activit\u00e9s divers et vari\u00e9s, RDeVe apportera son expertise \u00e0 travers cette exp\u00e9rience, tout en \u00e9voluant avec les technologies d&#8217;aujourd&#8217;hui.<\/p>\r\n","protected":false},"excerpt":{"rendered":"<p>La soci\u00e9t\u00e9 RDeVe a pour objectif de satisfaire ses clients dans leurs projets en Automatisme et Robotique.\u00a0 Depuis la d\u00e9finition du besoin \u00e0 la r\u00e9daction de l&#8217;analyse fonctionnelle, en passant par la d\u00e9termination\u00a0 du mat\u00e9riel, jusqu&#8217;\u00e0 sa programmation et mise en service, la soci\u00e9t\u00e9 RDeVe s&#8217;efforcera, avec rigueur et qualit\u00e9, de r\u00e9aliser et d\u00e9velopper vos&#8230;<\/p>\n<p class=\"more-link\"><a href=\"https:\/\/rdeve.com\/\" class=\"themebutton3\">Read More<\/a><\/p>\n","protected":false},"author":1,"featured_media":0,"parent":0,"menu_order":0,"comment_status":"closed","ping_status":"open","template":"","meta":{"footnotes":""},"_links":{"self":[{"href":"https:\/\/rdeve.com\/index.php\/wp-json\/wp\/v2\/pages\/2"}],"collection":[{"href":"https:\/\/rdeve.com\/index.php\/wp-json\/wp\/v2\/pages"}],"about":[{"href":"https:\/\/rdeve.com\/index.php\/wp-json\/wp\/v2\/types\/page"}],"author":[{"embeddable":true,"href":"https:\/\/rdeve.com\/index.php\/wp-json\/wp\/v2\/users\/1"}],"replies":[{"embeddable":true,"href":"https:\/\/rdeve.com\/index.php\/wp-json\/wp\/v2\/comments?post=2"}],"version-history":[{"count":8,"href":"https:\/\/rdeve.com\/index.php\/wp-json\/wp\/v2\/pages\/2\/revisions"}],"predecessor-version":[{"id":260,"href":"https:\/\/rdeve.com\/index.php\/wp-json\/wp\/v2\/pages\/2\/revisions\/260"}],"wp:attachment":[{"href":"https:\/\/rdeve.com\/index.php\/wp-json\/wp\/v2\/media?parent=2"}],"curies":[{"name":"wp","href":"https:\/\/api.w.org\/{rel}","templated":true}]}}