{"id":231,"date":"2020-11-14T19:00:22","date_gmt":"2020-11-14T18:00:22","guid":{"rendered":"http:\/\/rdeve.com\/?page_id=231"},"modified":"2021-09-04T10:24:37","modified_gmt":"2021-09-04T08:24:37","slug":"profil-des-personnels","status":"publish","type":"page","link":"https:\/\/rdeve.com\/index.php\/profil-des-personnels\/","title":{"rendered":"Profil du personnel"},"content":{"rendered":"<p><span style=\"color: #000080;\"><span style=\"color: #ff0000;\">L<\/span><span style=\"color: #000000;\">es personnes qui composent la soci\u00e9t\u00e9 ont suivi des cursus diff\u00e9rents et compl\u00e9mentaires permettant une meilleure adaptation technique. <\/span><\/span><\/p>\n<p><span style=\"color: #000080;\"><span style=\"color: #ff0000;\">L<\/span><span style=\"color: #000000;\">a partie formation est une dominante importante afin d&#8217;assimiler et acqu\u00e9rir le plus rapidement possible les nouveaux outils et d\u00e9velopper ainsi nos comp\u00e9tences techniques.<\/span><\/span><\/p>\n<p><img decoding=\"async\" loading=\"lazy\" class=\"size-full wp-image-250 aligncenter\" src=\"http:\/\/rdeve.com\/wp-content\/uploads\/2021\/09\/Formations1.jpg\" alt=\"\" width=\"1103\" height=\"655\" srcset=\"https:\/\/rdeve.com\/wp-content\/uploads\/2021\/09\/Formations1.jpg 1103w, https:\/\/rdeve.com\/wp-content\/uploads\/2021\/09\/Formations1-300x178.jpg 300w, https:\/\/rdeve.com\/wp-content\/uploads\/2021\/09\/Formations1-1024x608.jpg 1024w, https:\/\/rdeve.com\/wp-content\/uploads\/2021\/09\/Formations1-768x456.jpg 768w\" sizes=\"(max-width: 1103px) 100vw, 1103px\" \/><\/p>\n","protected":false},"excerpt":{"rendered":"<p>Les personnes qui composent la soci\u00e9t\u00e9 ont suivi des cursus diff\u00e9rents et compl\u00e9mentaires permettant une meilleure adaptation technique. La partie formation est une dominante importante afin d&#8217;assimiler et acqu\u00e9rir le plus rapidement possible les nouveaux outils et d\u00e9velopper ainsi nos comp\u00e9tences techniques.<\/p>\n","protected":false},"author":1,"featured_media":0,"parent":0,"menu_order":0,"comment_status":"closed","ping_status":"closed","template":"","meta":{"footnotes":""},"_links":{"self":[{"href":"https:\/\/rdeve.com\/index.php\/wp-json\/wp\/v2\/pages\/231"}],"collection":[{"href":"https:\/\/rdeve.com\/index.php\/wp-json\/wp\/v2\/pages"}],"about":[{"href":"https:\/\/rdeve.com\/index.php\/wp-json\/wp\/v2\/types\/page"}],"author":[{"embeddable":true,"href":"https:\/\/rdeve.com\/index.php\/wp-json\/wp\/v2\/users\/1"}],"replies":[{"embeddable":true,"href":"https:\/\/rdeve.com\/index.php\/wp-json\/wp\/v2\/comments?post=231"}],"version-history":[{"count":8,"href":"https:\/\/rdeve.com\/index.php\/wp-json\/wp\/v2\/pages\/231\/revisions"}],"predecessor-version":[{"id":253,"href":"https:\/\/rdeve.com\/index.php\/wp-json\/wp\/v2\/pages\/231\/revisions\/253"}],"wp:attachment":[{"href":"https:\/\/rdeve.com\/index.php\/wp-json\/wp\/v2\/media?parent=231"}],"curies":[{"name":"wp","href":"https:\/\/api.w.org\/{rel}","templated":true}]}}