{"id":71,"date":"2019-03-23T23:54:01","date_gmt":"2019-03-23T22:54:01","guid":{"rendered":"http:\/\/rdeve.com\/?page_id=71"},"modified":"2020-11-14T19:11:27","modified_gmt":"2020-11-14T18:11:27","slug":"secteur-dactivites","status":"publish","type":"page","link":"https:\/\/rdeve.com\/index.php\/secteur-dactivites\/","title":{"rendered":"Secteurs d&#8217;activit\u00e9"},"content":{"rendered":"<p><span style=\"color: #202040;\">Secteurs d&#8217;activit\u00e9 pour lesquels des projets en automatisme et\/ou robotique ont \u00e9t\u00e9 r\u00e9alis\u00e9s :<\/span><\/p>\n<ul>\n<li><em><span style=\"color: #202040;\"><span style=\"color: #be2240;\">F<\/span>onderie (parach\u00e8vement, manutention, dessablage, assemblage noyaux, d\u00e9-palettisation par vision) (Ce secteur repr\u00e9sente +70% de notre activit\u00e9 (2020))<\/span><\/em><\/li>\n<li><em><span style=\"color: #202040;\"><span style=\"color: #be2240;\">A<\/span>utomobile (<span style=\"color: #be2000;\">c<\/span>onstructeurs et <span style=\"color: #be2000;\">\u00e9<\/span>quipementiers) (assemblage, m\u00e9canisation, poste de contr\u00f4le et tra\u00e7abilit\u00e9)<\/span><\/em><\/li>\n<li><em><span style=\"color: #202040;\"><span style=\"color: #be2240;\">R<\/span>adio-pharmaceutique (conditionnement de traceurs)<\/span><\/em><\/li>\n<li><em><span style=\"color: #202040;\"><span style=\"color: #be2240;\">F<\/span>erroviaire (peinture et tra\u00e7abilit\u00e9)<\/span><\/em><\/li>\n<li><em><span style=\"color: #202040;\"><span style=\"color: #be2240;\">T<\/span>raitement de l\u2019eau<\/span><\/em><\/li>\n<li><em><span style=\"color: #202040;\"><span style=\"color: #be2240;\">E<\/span>nergie<\/span><\/em><\/li>\n<\/ul>\n<p><img decoding=\"async\" loading=\"lazy\" class=\"wp-image-208 alignleft\" src=\"http:\/\/rdeve.com\/wp-content\/uploads\/2020\/10\/Agricole.jpg\" alt=\"\" width=\"493\" height=\"410\" srcset=\"https:\/\/rdeve.com\/wp-content\/uploads\/2020\/10\/Agricole.jpg 867w, https:\/\/rdeve.com\/wp-content\/uploads\/2020\/10\/Agricole-300x249.jpg 300w, https:\/\/rdeve.com\/wp-content\/uploads\/2020\/10\/Agricole-768x638.jpg 768w\" sizes=\"(max-width: 493px) 100vw, 493px\" \/><\/p>\n<p><em><span style=\"color: #202040;\"><img decoding=\"async\" loading=\"lazy\" class=\"wp-image-214 aligncenter\" src=\"http:\/\/rdeve.com\/wp-content\/uploads\/2020\/10\/Vision.jpg\" alt=\"\" width=\"503\" height=\"410\" srcset=\"https:\/\/rdeve.com\/wp-content\/uploads\/2020\/10\/Vision.jpg 839w, https:\/\/rdeve.com\/wp-content\/uploads\/2020\/10\/Vision-300x244.jpg 300w, https:\/\/rdeve.com\/wp-content\/uploads\/2020\/10\/Vision-768x625.jpg 768w\" sizes=\"(max-width: 503px) 100vw, 503px\" \/><\/span><\/em><\/p>\n<p><img decoding=\"async\" loading=\"lazy\" class=\"wp-image-210 alignright\" src=\"http:\/\/rdeve.com\/wp-content\/uploads\/2020\/10\/Eau.jpg\" alt=\"\" width=\"742\" height=\"432\" srcset=\"https:\/\/rdeve.com\/wp-content\/uploads\/2020\/10\/Eau.jpg 1159w, https:\/\/rdeve.com\/wp-content\/uploads\/2020\/10\/Eau-300x174.jpg 300w, https:\/\/rdeve.com\/wp-content\/uploads\/2020\/10\/Eau-1024x595.jpg 1024w, https:\/\/rdeve.com\/wp-content\/uploads\/2020\/10\/Eau-768x447.jpg 768w\" sizes=\"(max-width: 742px) 100vw, 742px\" \/><\/p>\n<p>&nbsp;<\/p>\n<p><img decoding=\"async\" loading=\"lazy\" class=\"wp-image-209 aligncenter\" src=\"http:\/\/rdeve.com\/wp-content\/uploads\/2020\/10\/BioMed.jpg\" alt=\"\" width=\"1041\" height=\"461\" srcset=\"https:\/\/rdeve.com\/wp-content\/uploads\/2020\/10\/BioMed.jpg 1505w, https:\/\/rdeve.com\/wp-content\/uploads\/2020\/10\/BioMed-300x133.jpg 300w, https:\/\/rdeve.com\/wp-content\/uploads\/2020\/10\/BioMed-1024x453.jpg 1024w, https:\/\/rdeve.com\/wp-content\/uploads\/2020\/10\/BioMed-768x340.jpg 768w\" sizes=\"(max-width: 1041px) 100vw, 1041px\" \/><\/p>\n","protected":false},"excerpt":{"rendered":"<p>Secteurs d&#8217;activit\u00e9 pour lesquels des projets en automatisme et\/ou robotique ont \u00e9t\u00e9 r\u00e9alis\u00e9s : Fonderie (parach\u00e8vement, manutention, dessablage, assemblage noyaux, d\u00e9-palettisation par vision) (Ce secteur repr\u00e9sente +70% de notre activit\u00e9 (2020)) Automobile (constructeurs et \u00e9quipementiers) (assemblage, m\u00e9canisation, poste de contr\u00f4le et tra\u00e7abilit\u00e9) Radio-pharmaceutique (conditionnement de traceurs) Ferroviaire (peinture et tra\u00e7abilit\u00e9) Traitement de l\u2019eau Energie &nbsp;<\/p>\n","protected":false},"author":1,"featured_media":0,"parent":0,"menu_order":0,"comment_status":"closed","ping_status":"closed","template":"","meta":{"footnotes":""},"_links":{"self":[{"href":"https:\/\/rdeve.com\/index.php\/wp-json\/wp\/v2\/pages\/71"}],"collection":[{"href":"https:\/\/rdeve.com\/index.php\/wp-json\/wp\/v2\/pages"}],"about":[{"href":"https:\/\/rdeve.com\/index.php\/wp-json\/wp\/v2\/types\/page"}],"author":[{"embeddable":true,"href":"https:\/\/rdeve.com\/index.php\/wp-json\/wp\/v2\/users\/1"}],"replies":[{"embeddable":true,"href":"https:\/\/rdeve.com\/index.php\/wp-json\/wp\/v2\/comments?post=71"}],"version-history":[{"count":14,"href":"https:\/\/rdeve.com\/index.php\/wp-json\/wp\/v2\/pages\/71\/revisions"}],"predecessor-version":[{"id":239,"href":"https:\/\/rdeve.com\/index.php\/wp-json\/wp\/v2\/pages\/71\/revisions\/239"}],"wp:attachment":[{"href":"https:\/\/rdeve.com\/index.php\/wp-json\/wp\/v2\/media?parent=71"}],"curies":[{"name":"wp","href":"https:\/\/api.w.org\/{rel}","templated":true}]}}