{"id":81,"date":"2019-03-28T21:28:33","date_gmt":"2019-03-28T20:28:33","guid":{"rendered":"http:\/\/rdeve.com\/?page_id=81"},"modified":"2019-12-15T16:02:21","modified_gmt":"2019-12-15T15:02:21","slug":"electrique","status":"publish","type":"page","link":"https:\/\/rdeve.com\/index.php\/electrique\/","title":{"rendered":"Electrique"},"content":{"rendered":"<p><span style=\"color: #202040;\">Afin de r\u00e9aliser des prestations plus globales, la soci\u00e9t\u00e9 RDeVe a la capacit\u00e9 de suivre, via des soci\u00e9t\u00e9s connues et reconnues pour leur s\u00e9rieux, de faire :<\/span><\/p>\n<ul>\n<li><em><span style=\"color: #202040;\"><span style=\"color: #be2000;\">R<\/span>\u00e9aliser des sch\u00e9mas \u00e9lectriques et pneumatiques<\/span><\/em><\/li>\n<li><em><span style=\"color: #202040;\"><span style=\"color: #be2000;\">C<\/span>onfectionner des armoires et des coffrets \u00e9lectriques<\/span><\/em><\/li>\n<li><em><span style=\"color: #202040;\"><span style=\"color: #be2000;\">L<\/span>ivrer et <\/span><span style=\"color: #202040;\"><span style=\"color: #be2000;\">R<\/span>accorder sur le site final les \u00e9quipements<\/span><\/em><\/li>\n<\/ul>\n","protected":false},"excerpt":{"rendered":"<p>Afin de r\u00e9aliser des prestations plus globales, la soci\u00e9t\u00e9 RDeVe a la capacit\u00e9 de suivre, via des soci\u00e9t\u00e9s connues et reconnues pour leur s\u00e9rieux, de faire : R\u00e9aliser des sch\u00e9mas \u00e9lectriques et pneumatiques Confectionner des armoires et des coffrets \u00e9lectriques Livrer et Raccorder sur le site final les \u00e9quipements<\/p>\n","protected":false},"author":1,"featured_media":0,"parent":0,"menu_order":0,"comment_status":"closed","ping_status":"closed","template":"","meta":{"footnotes":""},"_links":{"self":[{"href":"https:\/\/rdeve.com\/index.php\/wp-json\/wp\/v2\/pages\/81"}],"collection":[{"href":"https:\/\/rdeve.com\/index.php\/wp-json\/wp\/v2\/pages"}],"about":[{"href":"https:\/\/rdeve.com\/index.php\/wp-json\/wp\/v2\/types\/page"}],"author":[{"embeddable":true,"href":"https:\/\/rdeve.com\/index.php\/wp-json\/wp\/v2\/users\/1"}],"replies":[{"embeddable":true,"href":"https:\/\/rdeve.com\/index.php\/wp-json\/wp\/v2\/comments?post=81"}],"version-history":[{"count":6,"href":"https:\/\/rdeve.com\/index.php\/wp-json\/wp\/v2\/pages\/81\/revisions"}],"predecessor-version":[{"id":187,"href":"https:\/\/rdeve.com\/index.php\/wp-json\/wp\/v2\/pages\/81\/revisions\/187"}],"wp:attachment":[{"href":"https:\/\/rdeve.com\/index.php\/wp-json\/wp\/v2\/media?parent=81"}],"curies":[{"name":"wp","href":"https:\/\/api.w.org\/{rel}","templated":true}]}}